{"id":1459,"date":"2025-07-09T01:39:12","date_gmt":"2025-07-09T01:39:12","guid":{"rendered":"https:\/\/gousaclogistics.com\/?page_id=1459"},"modified":"2025-09-13T06:22:32","modified_gmt":"2025-09-13T11:22:32","slug":"politicas-de-privacidad","status":"publish","type":"page","link":"https:\/\/gousaclogistics.com\/en\/politicas-de-privacidad\/","title":{"rendered":"Privacy Policy"},"content":{"rendered":"<div data-elementor-type=\"wp-page\" data-elementor-id=\"1459\" class=\"elementor elementor-1459\" data-elementor-post-type=\"page\">\n\t\t\t\t\t\t<section class=\"elementor-section elementor-top-section elementor-element elementor-element-131a76ac elementor-section-boxed elementor-section-height-default elementor-section-height-default\" data-id=\"131a76ac\" data-element_type=\"section\" data-settings=\"{&quot;background_background&quot;:&quot;classic&quot;}\">\n\t\t\t\t\t\t<div class=\"elementor-container elementor-column-gap-default\">\n\t\t\t\t\t<div class=\"elementor-column elementor-col-100 elementor-top-column elementor-element elementor-element-1be11080\" data-id=\"1be11080\" data-element_type=\"column\">\n\t\t\t<div class=\"elementor-widget-wrap elementor-element-populated\">\n\t\t\t\t\t\t<div class=\"elementor-element elementor-element-63375243 elementor-widget elementor-widget-hub_fancy_heading\" data-id=\"63375243\" data-element_type=\"widget\" data-widget_type=\"hub_fancy_heading.default\">\n\t\t\t\t<div class=\"elementor-widget-container\">\n\t\t\t\t\t\n\t\t<div id=\"ld-fancy-heading-69e047f15132a\" class=\"ld-fancy-heading pos-rel\">\n\t\t\t<h2 class=\"ld-fh-element d-inline-block pos-rel  elementor-heading-title lqd-highlight-classic lqd-highlight-grow-left h1\"  > Privacy Policy<\/h2>\t\t<\/div>\n\n\t\t\t\t\t\t<\/div>\n\t\t\t\t<\/div>\n\t\t\t\t\t<\/div>\n\t\t<\/div>\n\t\t\t\t\t<\/div>\n\t\t<\/section>\n\t\t<div class=\"elementor-element elementor-element-6bed6342 e-flex e-con-boxed e-con e-parent\" data-id=\"6bed6342\" data-element_type=\"container\" data-settings=\"{&quot;background_background&quot;:&quot;classic&quot;}\">\n\t\t\t\t\t<div class=\"e-con-inner\">\n\t\t\t\t<div class=\"elementor-element elementor-element-67c580e elementor-widget elementor-widget-text-editor\" data-id=\"67c580e\" data-element_type=\"widget\" data-widget_type=\"text-editor.default\">\n\t\t\t\t\t\t\t\t\t<p><strong>Grupo Oc\u00e9anos Unidos S.A.C.<\/strong><br \/><strong>Av. Rep\u00fablica de Panam\u00e1 3418 int 301, Urb. Limatambo, San Isidro, Lima, Per\u00fa<\/strong><br \/><strong>Phone<\/strong> +51 974639139<br \/><strong>E-mail:<\/strong> ventas@gousaclogistics.com<\/p><p class=\"MsoNormal\" style=\"text-align: justify;\"><b>I. Introduction<\/b><\/p><p class=\"MsoNormal\" style=\"text-align: justify;\"><span style=\"font-size: 1.2rem; text-align: start;\">In accordance with the provisions of paragraph 6 of Article 2 of the Political Constitution of Peru, every person has the right that computer or non-computer information services, whether public or private, do not provide information that affects personal and family privacy.<\/span><\/p><p>The development of this constitutional right is regulated by Law No. 29733 \u2013 Personal Data Protection Law and its Regulations, approved by Supreme Decree No. 003-2013-JUS.<\/p><p>According to the Personal Data Law, Personal Data is considered to be any information about a natural person that identifies them or makes them identifiable through means that can be reasonably used.<\/p><p>The same regulation defines the Processing of Personal Data as any operation or technical procedure, automated or not, that allows the collection, recording, organization, storage, preservation, elaboration, modification, extraction, consultation, use, blocking, deletion, communication by transfer or dissemination, or any other form of processing that facilitates access, correlation, or interconnection of personal data. The Processing of Personal Data must be based on the consent of the data subject, except, among other cases, when the personal data is necessary for the preparation, conclusion, and execution of a contractual relationship in which the data subject is a party.<\/p><p><strong style=\"font-size: 1.2rem;\">II. Consent and Purpose<\/strong><\/p><p>By accessing our website, you give your free, prior, informed, express, and unequivocal consent for the Processing of your Personal Data by<strong> Grupo Oc\u00e9anos Unidos S.A.C.<\/strong><\/p><p><strong>Grupo Oc\u00e9anos Unidos S.A.C. <\/strong>ensures the highest confidentiality and protection of the personal data that users enter on the website it owns, located at the electronic address: <a href=\"https:\/\/gousaclogistics.com\/en\/\">https:\/\/www.gousaclogistics.com<\/a><\/p><p><strong>Grupo Oc\u00e9anos Unidos S.A.C. <\/strong>will only process the Personal Data of individuals who provide it to us, either through our website or by any other means, to prepare, conclude, and execute a contractual relationship between<strong> Grupo Oc\u00e9anos Unidos S.A.C. <\/strong>and the data subject, consisting of the provision of one or more services offered by<strong> Grupo Oc\u00e9anos Unidos S.A.C<\/strong>.; this may include sending communications, either directly or through mass mechanisms, related to the offer, initiation, maintenance, or termination of the contractual relationship. In this regard, the client agrees to receive information from<strong> Grupo Oc\u00e9anos Unidos S.A.C., <\/strong>which may be sent by digital means or any other method.<\/p><p><strong>III. Confidentiality<\/strong><\/p><p><strong>Grupo Oc\u00e9anos Unidos S.A.C. <\/strong>will maintain absolute confidentiality regarding the Personal Data of individuals who provide it and will adopt appropriate measures to limit staff access to Personal Data, the media containing it, or information system resources, for tasks that do not involve the processing of Personal Data.<\/p><p><strong>IV. <\/strong><strong>Modification of the Privacy Policy<\/strong><\/p><p><strong>Grupo Oc\u00e9anos Unidos S.A.C. <\/strong>reserves the right to modify this Privacy Policy in the event of changes in current legislation, doctrine, jurisprudence, or due to internal business criteria. If any changes are made to this Policy, the new text will be published on this same website. Users are encouraged to periodically review this Privacy Policy, which can be found on this website.<\/p>\t\t\t\t\t\t\t\t<\/div>\n\t\t\t\t\t<\/div>\n\t\t\t\t<\/div>\n\t\t\t\t<\/div>","protected":false},"excerpt":{"rendered":"<p>Pol\u00edticas de Privacidad Grupo Oc\u00e9anos Unidos S.A.C.Av. Rep\u00fablica de Panam\u00e1 3418 int 301, Urb. Limatambo, San Isidro, Lima, Per\u00faTel\u00e9fono: +51 974639139Correo: ventas@gousaclogistics.com I. Introducci\u00f3n De conformidad con lo establecido en el inciso 6 del art\u00edculo 2 de la Constituci\u00f3n Pol\u00edtica del Per\u00fa, toda persona tiene derecho a que los servicios inform\u00e1ticos, computarizados o no, p\u00fablicos [&hellip;]<\/p>","protected":false},"author":1,"featured_media":0,"parent":0,"menu_order":0,"comment_status":"closed","ping_status":"closed","template":"","meta":{"footnotes":""},"class_list":["post-1459","page","type-page","status-publish","hentry"],"_links":{"self":[{"href":"https:\/\/gousaclogistics.com\/en\/wp-json\/wp\/v2\/pages\/1459","targetHints":{"allow":["GET"]}}],"collection":[{"href":"https:\/\/gousaclogistics.com\/en\/wp-json\/wp\/v2\/pages"}],"about":[{"href":"https:\/\/gousaclogistics.com\/en\/wp-json\/wp\/v2\/types\/page"}],"author":[{"embeddable":true,"href":"https:\/\/gousaclogistics.com\/en\/wp-json\/wp\/v2\/users\/1"}],"replies":[{"embeddable":true,"href":"https:\/\/gousaclogistics.com\/en\/wp-json\/wp\/v2\/comments?post=1459"}],"version-history":[{"count":19,"href":"https:\/\/gousaclogistics.com\/en\/wp-json\/wp\/v2\/pages\/1459\/revisions"}],"predecessor-version":[{"id":2739,"href":"https:\/\/gousaclogistics.com\/en\/wp-json\/wp\/v2\/pages\/1459\/revisions\/2739"}],"wp:attachment":[{"href":"https:\/\/gousaclogistics.com\/en\/wp-json\/wp\/v2\/media?parent=1459"}],"curies":[{"name":"wp","href":"https:\/\/api.w.org\/{rel}","templated":true}]}}